{"id":24595,"date":"2025-08-12T11:36:09","date_gmt":"2025-08-12T09:36:09","guid":{"rendered":"https:\/\/grepton.hu\/wren-klimaalkalmazkodast-tamogato-monitoring-grepton\/"},"modified":"2025-09-04T18:22:34","modified_gmt":"2025-09-04T16:22:34","slug":"wren-climate-adaptation-monitoring-prediction-system-grepton","status":"publish","type":"page","link":"https:\/\/grepton.hu\/en\/wren-climate-adaptation-monitoring-prediction-system-grepton\/","title":{"rendered":"WREN"},"content":{"rendered":"\t\t<div data-elementor-type=\"wp-page\" data-elementor-id=\"24595\" class=\"elementor elementor-24595 elementor-24481\" data-elementor-post-type=\"page\">\n\t\t\t\t<div class=\"elementor-element elementor-element-212bb46 e-flex e-con-boxed e-con e-parent\" data-id=\"212bb46\" data-element_type=\"container\" data-e-type=\"container\">\n\t\t\t\t\t<div class=\"e-con-inner\">\n\t\t<div class=\"elementor-element elementor-element-2d63168 e-con-full e-flex e-con e-child\" data-id=\"2d63168\" data-element_type=\"container\" data-e-type=\"container\">\n\t\t\t\t<div class=\"elementor-element elementor-element-75bb605 elementor-view-default elementor-widget elementor-widget-icon\" data-id=\"75bb605\" data-element_type=\"widget\" data-e-type=\"widget\" data-widget_type=\"icon.default\">\n\t\t\t\t<div class=\"elementor-widget-container\">\n\t\t\t\t\t\t\t<div class=\"elementor-icon-wrapper\">\n\t\t\t<a class=\"elementor-icon\" href=\"https:\/\/grepton.hu\/en\/kutatas-fejlesztes-grepton\/\">\n\t\t\t<svg xmlns=\"http:\/\/www.w3.org\/2000\/svg\" width=\"17\" height=\"29\" viewBox=\"0 0 17 29\" fill=\"none\"><path d=\"M15.5 1L2 14.5L15.5 28\" stroke=\"white\" stroke-width=\"2\"><\/path><\/svg>\t\t\t<\/a>\n\t\t<\/div>\n\t\t\t\t\t\t<\/div>\n\t\t\t\t<\/div>\n\t\t\t\t<\/div>\n\t\t<div class=\"elementor-element elementor-element-fe98f7e e-con-full e-flex e-con e-child\" data-id=\"fe98f7e\" data-element_type=\"container\" data-e-type=\"container\">\n\t\t\t\t<div class=\"elementor-element elementor-element-cc55f2d elementor-widget-mobile__width-initial elementor-widget elementor-widget-heading\" data-id=\"cc55f2d\" data-element_type=\"widget\" data-e-type=\"widget\" data-widget_type=\"heading.default\">\n\t\t\t\t<div class=\"elementor-widget-container\">\n\t\t\t\t\t<span class=\"elementor-heading-title elementor-size-default\">RESEARCH DEVELOPMENT<\/span>\t\t\t\t<\/div>\n\t\t\t\t<\/div>\n\t\t\t\t<\/div>\n\t\t\t\t\t<\/div>\n\t\t\t\t<\/div>\n\t\t<div class=\"elementor-element elementor-element-e225527 e-flex e-con-boxed e-con e-parent\" data-id=\"e225527\" data-element_type=\"container\" data-e-type=\"container\" data-settings=\"{&quot;background_background&quot;:&quot;classic&quot;}\">\n\t\t\t\t\t<div class=\"e-con-inner\">\n\t\t\t\t<div class=\"elementor-element elementor-element-2deb854 elementor-absolute elementor-hidden-tablet elementor-hidden-mobile elementor-widget elementor-widget-image\" data-id=\"2deb854\" data-element_type=\"widget\" data-e-type=\"widget\" data-settings=\"{&quot;_position&quot;:&quot;absolute&quot;}\" data-widget_type=\"image.default\">\n\t\t\t\t<div class=\"elementor-widget-container\">\n\t\t\t\t\t\t\t\t\t\t\t\t\t\t\t<img fetchpriority=\"high\" decoding=\"async\" width=\"254\" height=\"668\" src=\"https:\/\/grepton.hu\/wp-content\/uploads\/2025\/05\/Subtract-3.png\" class=\"attachment-full size-full wp-image-21238\" alt=\"\" srcset=\"https:\/\/grepton.hu\/wp-content\/uploads\/2025\/05\/Subtract-3.png 254w, https:\/\/grepton.hu\/wp-content\/uploads\/2025\/05\/Subtract-3-114x300.png 114w\" sizes=\"(max-width: 254px) 100vw, 254px\" \/>\t\t\t\t\t\t\t\t\t\t\t\t\t\t\t<\/div>\n\t\t\t\t<\/div>\n\t\t<div class=\"elementor-element elementor-element-a4ca10b e-con-full e-flex e-con e-child\" data-id=\"a4ca10b\" data-element_type=\"container\" data-e-type=\"container\" data-settings=\"{&quot;background_background&quot;:&quot;classic&quot;}\">\n\t\t\t\t<div class=\"elementor-element elementor-element-a6b5b34 elementor-widget__width-initial elementor-widget-mobile__width-inherit elementor-widget elementor-widget-heading\" data-id=\"a6b5b34\" data-element_type=\"widget\" data-e-type=\"widget\" data-widget_type=\"heading.default\">\n\t\t\t\t<div class=\"elementor-widget-container\">\n\t\t\t\t\t<span class=\"elementor-heading-title elementor-size-default\">Climate Adaptation Monitoring and Prediction System\nWREN Satellite-based drought monitoring and decision support system - WREN<\/span>\t\t\t\t<\/div>\n\t\t\t\t<\/div>\n\t\t\t\t<div class=\"elementor-element elementor-element-e23183a elementor-widget elementor-widget-text-editor\" data-id=\"e23183a\" data-element_type=\"widget\" data-e-type=\"widget\" data-widget_type=\"text-editor.default\">\n\t\t\t\t<div class=\"elementor-widget-container\">\n\t\t\t\t\t\t\t\t\t<p>Beneficiaries name: COMBIT Sz\u00e1m\u00edt\u00e1stechnikai Zrt., Consortium leader<br>University of \u00d3buda, consortium member<br>Sz\u00e9chenyi Istv\u00e1n University, consortium member<br>Project title: WREN &#8211; Development of a Monitoring and Prediction Procedure to Support Climate Adaptation<br>Actual project completion date: 30.06.2025.<br>Project ID: GINOP_PLUSZ-2.1.1-21-2022-00040<br>Amount of contracted support (consortium): HUF 756 550 920<br>Rate of support (consortium): 70,348437 %<br>Amount of contracted support (COMBIT Sz\u00e1m\u00edt\u00e1stechnikai Zrt.): HUF 530 546 558, of which EU support: HUF 466 880 971<\/p>\t\t\t\t\t\t\t\t<\/div>\n\t\t\t\t<\/div>\n\t\t<div class=\"elementor-element elementor-element-be40b71 e-grid e-con-boxed e-con e-child\" data-id=\"be40b71\" data-element_type=\"container\" data-e-type=\"container\">\n\t\t\t\t\t<div class=\"e-con-inner\">\n\t\t\t\t<div class=\"elementor-element elementor-element-39c4806 elementor-widget elementor-widget-text-editor\" data-id=\"39c4806\" data-element_type=\"widget\" data-e-type=\"widget\" data-widget_type=\"text-editor.default\">\n\t\t\t\t<div class=\"elementor-widget-container\">\n\t\t\t\t\t\t\t\t\t<p>Our WREN &#8211; Water Resources in Efficient Networks project has been completed!<\/p><p>The aim of the scheme is to support the protection against the adverse effects of climate change and drought damage using modern digital tools. The real-time, complex decision support system has the potential to improve the spatial and temporal resolution of current drought monitoring systems in practice, using remotely sensed and local data, and implementing innovations based on geospatial, mathematical and artificial intelligence.<br>The project has resulted in a satellite with a unique design and novel measurement capabilities, whose orbit will touch Hungary more frequently than commercial satellites. In addition, a unique server and system architecture as well as a web application were implemented to achieve multi-resolution forecasting.<br>The innovation was implemented on 30 June 2025 as a project of a consortium of Combit Computer Technology Ltd., \u00d3buda University and Sz\u00e9chenyi Istv\u00e1n University, with the help of a HUF 756.55 million non-reimbursable grant awarded through the GINOP PLUSZ-2.1.1-21-2022-00040 call for proposals.  <\/p>\t\t\t\t\t\t\t\t<\/div>\n\t\t\t\t<\/div>\n\t\t\t\t<div class=\"elementor-element elementor-element-7430c25 elementor-widget elementor-widget-image\" data-id=\"7430c25\" data-element_type=\"widget\" data-e-type=\"widget\" data-widget_type=\"image.default\">\n\t\t\t\t<div class=\"elementor-widget-container\">\n\t\t\t\t\t\t\t\t\t\t\t\t\t\t\t<img decoding=\"async\" width=\"3000\" height=\"2000\" data-src=\"https:\/\/grepton.hu\/wp-content\/uploads\/2025\/08\/WREN_stockphoto.jpg\" class=\"attachment-full size-full wp-image-24510 lazyload\" alt=\"\" data-srcset=\"https:\/\/grepton.hu\/wp-content\/uploads\/2025\/08\/WREN_stockphoto.jpg 3000w, https:\/\/grepton.hu\/wp-content\/uploads\/2025\/08\/WREN_stockphoto-300x200.jpg 300w, https:\/\/grepton.hu\/wp-content\/uploads\/2025\/08\/WREN_stockphoto-1024x683.jpg 1024w, https:\/\/grepton.hu\/wp-content\/uploads\/2025\/08\/WREN_stockphoto-768x512.jpg 768w, https:\/\/grepton.hu\/wp-content\/uploads\/2025\/08\/WREN_stockphoto-1536x1024.jpg 1536w, https:\/\/grepton.hu\/wp-content\/uploads\/2025\/08\/WREN_stockphoto-2048x1365.jpg 2048w\" data-sizes=\"(max-width: 3000px) 100vw, 3000px\" src=\"data:image\/svg+xml;base64,PHN2ZyB3aWR0aD0iMSIgaGVpZ2h0PSIxIiB4bWxucz0iaHR0cDovL3d3dy53My5vcmcvMjAwMC9zdmciPjwvc3ZnPg==\" style=\"--smush-placeholder-width: 3000px; --smush-placeholder-aspect-ratio: 3000\/2000;\" \/>\t\t\t\t\t\t\t\t\t\t\t\t\t\t\t<\/div>\n\t\t\t\t<\/div>\n\t\t\t\t\t<\/div>\n\t\t\t\t<\/div>\n\t\t<div class=\"elementor-element elementor-element-e091e43 e-con-full e-flex e-con e-child\" data-id=\"e091e43\" data-element_type=\"container\" data-e-type=\"container\">\n\t\t\t\t<div class=\"elementor-element elementor-element-faed9dc elementor-widget elementor-widget-image\" data-id=\"faed9dc\" data-element_type=\"widget\" data-e-type=\"widget\" data-widget_type=\"image.default\">\n\t\t\t\t<div class=\"elementor-widget-container\">\n\t\t\t\t\t\t\t\t\t\t\t\t\t\t\t<img decoding=\"async\" width=\"2114\" height=\"3000\" data-src=\"https:\/\/grepton.hu\/wp-content\/uploads\/2025\/09\/04_komm_02_szorolap_1.oldal_.pdf.jpg\" class=\"attachment-full size-full wp-image-25055 lazyload\" alt=\"\" data-srcset=\"https:\/\/grepton.hu\/wp-content\/uploads\/2025\/09\/04_komm_02_szorolap_1.oldal_.pdf.jpg 2114w, https:\/\/grepton.hu\/wp-content\/uploads\/2025\/09\/04_komm_02_szorolap_1.oldal_.pdf-211x300.jpg 211w, https:\/\/grepton.hu\/wp-content\/uploads\/2025\/09\/04_komm_02_szorolap_1.oldal_.pdf-722x1024.jpg 722w, https:\/\/grepton.hu\/wp-content\/uploads\/2025\/09\/04_komm_02_szorolap_1.oldal_.pdf-768x1090.jpg 768w, https:\/\/grepton.hu\/wp-content\/uploads\/2025\/09\/04_komm_02_szorolap_1.oldal_.pdf-1082x1536.jpg 1082w, https:\/\/grepton.hu\/wp-content\/uploads\/2025\/09\/04_komm_02_szorolap_1.oldal_.pdf-1443x2048.jpg 1443w\" data-sizes=\"(max-width: 2114px) 100vw, 2114px\" src=\"data:image\/svg+xml;base64,PHN2ZyB3aWR0aD0iMSIgaGVpZ2h0PSIxIiB4bWxucz0iaHR0cDovL3d3dy53My5vcmcvMjAwMC9zdmciPjwvc3ZnPg==\" style=\"--smush-placeholder-width: 2114px; --smush-placeholder-aspect-ratio: 2114\/3000;\" \/>\t\t\t\t\t\t\t\t\t\t\t\t\t\t\t<\/div>\n\t\t\t\t<\/div>\n\t\t\t\t<div class=\"elementor-element elementor-element-7481e0d elementor-widget elementor-widget-image\" data-id=\"7481e0d\" data-element_type=\"widget\" data-e-type=\"widget\" data-widget_type=\"image.default\">\n\t\t\t\t<div class=\"elementor-widget-container\">\n\t\t\t\t\t\t\t\t\t\t\t\t\t\t\t<img decoding=\"async\" width=\"2114\" height=\"3000\" data-src=\"https:\/\/grepton.hu\/wp-content\/uploads\/2025\/09\/04_komm_02_szorolap_2.oldal_.pdf.jpg\" class=\"attachment-full size-full wp-image-25057 lazyload\" alt=\"\" data-srcset=\"https:\/\/grepton.hu\/wp-content\/uploads\/2025\/09\/04_komm_02_szorolap_2.oldal_.pdf.jpg 2114w, https:\/\/grepton.hu\/wp-content\/uploads\/2025\/09\/04_komm_02_szorolap_2.oldal_.pdf-211x300.jpg 211w, https:\/\/grepton.hu\/wp-content\/uploads\/2025\/09\/04_komm_02_szorolap_2.oldal_.pdf-722x1024.jpg 722w, https:\/\/grepton.hu\/wp-content\/uploads\/2025\/09\/04_komm_02_szorolap_2.oldal_.pdf-768x1090.jpg 768w, https:\/\/grepton.hu\/wp-content\/uploads\/2025\/09\/04_komm_02_szorolap_2.oldal_.pdf-1082x1536.jpg 1082w, https:\/\/grepton.hu\/wp-content\/uploads\/2025\/09\/04_komm_02_szorolap_2.oldal_.pdf-1443x2048.jpg 1443w\" data-sizes=\"(max-width: 2114px) 100vw, 2114px\" src=\"data:image\/svg+xml;base64,PHN2ZyB3aWR0aD0iMSIgaGVpZ2h0PSIxIiB4bWxucz0iaHR0cDovL3d3dy53My5vcmcvMjAwMC9zdmciPjwvc3ZnPg==\" style=\"--smush-placeholder-width: 2114px; --smush-placeholder-aspect-ratio: 2114\/3000;\" \/>\t\t\t\t\t\t\t\t\t\t\t\t\t\t\t<\/div>\n\t\t\t\t<\/div>\n\t\t\t\t<\/div>\n\t\t<div class=\"elementor-element elementor-element-8b7930d e-con-full e-flex e-con e-child\" data-id=\"8b7930d\" data-element_type=\"container\" data-e-type=\"container\">\n\t\t\t\t<div class=\"elementor-element elementor-element-b94e748 elementor-widget elementor-widget-image\" data-id=\"b94e748\" data-element_type=\"widget\" data-e-type=\"widget\" data-widget_type=\"image.default\">\n\t\t\t\t<div class=\"elementor-widget-container\">\n\t\t\t\t\t\t\t\t\t\t\t\t\t\t\t<img decoding=\"async\" width=\"726\" height=\"502\" data-src=\"https:\/\/grepton.hu\/wp-content\/uploads\/2025\/08\/szechenyi.png\" class=\"attachment-full size-full wp-image-24531 lazyload\" alt=\"\" data-srcset=\"https:\/\/grepton.hu\/wp-content\/uploads\/2025\/08\/szechenyi.png 726w, https:\/\/grepton.hu\/wp-content\/uploads\/2025\/08\/szechenyi-300x207.png 300w\" data-sizes=\"(max-width: 726px) 100vw, 726px\" src=\"data:image\/svg+xml;base64,PHN2ZyB3aWR0aD0iMSIgaGVpZ2h0PSIxIiB4bWxucz0iaHR0cDovL3d3dy53My5vcmcvMjAwMC9zdmciPjwvc3ZnPg==\" style=\"--smush-placeholder-width: 726px; --smush-placeholder-aspect-ratio: 726\/502;\" \/>\t\t\t\t\t\t\t\t\t\t\t\t\t\t\t<\/div>\n\t\t\t\t<\/div>\n\t\t\t\t<\/div>\n\t\t\t\t<\/div>\n\t\t\t\t\t<\/div>\n\t\t\t\t<\/div>\n\t\t\t\t<\/div>\n\t\t","protected":false},"excerpt":{"rendered":"<p>RESEARCH DEVELOPMENT Climate Adaptation Monitoring and Prediction System WREN Satellite-based drought monitoring and decision support system &#8211; WREN Beneficiaries name: COMBIT Sz\u00e1m\u00edt\u00e1stechnikai Zrt., Consortium leaderUniversity of \u00d3buda, consortium memberSz\u00e9chenyi Istv\u00e1n University, consortium memberProject title: WREN &#8211; Development of a Monitoring and Prediction Procedure to Support Climate AdaptationActual project completion date: 30.06.2025.Project ID: GINOP_PLUSZ-2.1.1-21-2022-00040Amount of contracted [&hellip;]<\/p>\n","protected":false},"author":13,"featured_media":24510,"parent":0,"menu_order":0,"comment_status":"closed","ping_status":"closed","template":"","meta":{"inline_featured_image":false,"footnotes":""},"class_list":["post-24595","page","type-page","status-publish","has-post-thumbnail","hentry"],"blocksy_meta":[],"yoast_head":"<!-- This site is optimized with the Yoast SEO Premium plugin v26.4 (Yoast SEO v27.4) - https:\/\/yoast.com\/product\/yoast-seo-premium-wordpress\/ -->\n<title>WREN Project | Grepton Zrt.<\/title>\n<meta name=\"description\" content=\"The WREN project, climate adaptation monitoring and prediction system supports water management with satellite drought monitoring and AI-based decision support.\" \/>\n<meta name=\"robots\" content=\"index, follow, max-snippet:-1, max-image-preview:large, max-video-preview:-1\" \/>\n<link rel=\"canonical\" href=\"https:\/\/grepton.hu\/en\/wren-climate-adaptation-monitoring-prediction-system-grepton\/\" \/>\n<meta property=\"og:locale\" content=\"en_US\" \/>\n<meta property=\"og:type\" content=\"article\" \/>\n<meta property=\"og:title\" content=\"WREN\" \/>\n<meta property=\"og:description\" content=\"The WREN project, climate adaptation monitoring and prediction system supports water management with satellite drought monitoring and AI-based decision support.\" \/>\n<meta property=\"og:url\" content=\"https:\/\/grepton.hu\/en\/wp-json\/wp\/v2\/pages\/24595\" \/>\n<meta property=\"og:site_name\" content=\"Grepton\" \/>\n<meta property=\"article:publisher\" content=\"https:\/\/www.facebook.com\/greptonzrt\" \/>\n<meta property=\"article:modified_time\" content=\"2025-09-04T16:22:34+00:00\" \/>\n<meta property=\"og:image\" content=\"https:\/\/grepton.hu\/wp-content\/uploads\/2025\/08\/WREN_stockphoto.jpg\" \/>\n\t<meta property=\"og:image:width\" content=\"3000\" \/>\n\t<meta property=\"og:image:height\" content=\"2000\" \/>\n\t<meta property=\"og:image:type\" content=\"image\/jpeg\" \/>\n<meta name=\"twitter:card\" content=\"summary_large_image\" \/>\n<meta name=\"twitter:label1\" content=\"Est. reading time\" \/>\n\t<meta name=\"twitter:data1\" content=\"3 minutes\" \/>\n<script type=\"application\/ld+json\" class=\"yoast-schema-graph\">{\"@context\":\"https:\\\/\\\/schema.org\",\"@graph\":[{\"@type\":\"WebPage\",\"@id\":\"https:\\\/\\\/grepton.hu\\\/en\\\/wren-climate-adaptation-monitoring-prediction-system-grepton\\\/\",\"url\":\"https:\\\/\\\/grepton.hu\\\/en\\\/wren-climate-adaptation-monitoring-prediction-system-grepton\\\/\",\"name\":\"WREN Project | Grepton Zrt.\",\"isPartOf\":{\"@id\":\"https:\\\/\\\/grepton.hu\\\/en\\\/#website\"},\"primaryImageOfPage\":{\"@id\":\"https:\\\/\\\/grepton.hu\\\/en\\\/wren-climate-adaptation-monitoring-prediction-system-grepton\\\/#primaryimage\"},\"image\":{\"@id\":\"https:\\\/\\\/grepton.hu\\\/en\\\/wren-climate-adaptation-monitoring-prediction-system-grepton\\\/#primaryimage\"},\"thumbnailUrl\":\"https:\\\/\\\/grepton.hu\\\/wp-content\\\/uploads\\\/2025\\\/08\\\/WREN_stockphoto.jpg\",\"datePublished\":\"2025-08-12T09:36:09+00:00\",\"dateModified\":\"2025-09-04T16:22:34+00:00\",\"description\":\"The WREN project, climate adaptation monitoring and prediction system supports water management with satellite drought monitoring and AI-based decision support.\",\"breadcrumb\":{\"@id\":\"https:\\\/\\\/grepton.hu\\\/en\\\/wren-climate-adaptation-monitoring-prediction-system-grepton\\\/#breadcrumb\"},\"inLanguage\":\"en-US\",\"potentialAction\":[{\"@type\":\"ReadAction\",\"target\":[\"https:\\\/\\\/grepton.hu\\\/en\\\/wren-climate-adaptation-monitoring-prediction-system-grepton\\\/\"]}]},{\"@type\":\"ImageObject\",\"inLanguage\":\"en-US\",\"@id\":\"https:\\\/\\\/grepton.hu\\\/en\\\/wren-climate-adaptation-monitoring-prediction-system-grepton\\\/#primaryimage\",\"url\":\"https:\\\/\\\/grepton.hu\\\/wp-content\\\/uploads\\\/2025\\\/08\\\/WREN_stockphoto.jpg\",\"contentUrl\":\"https:\\\/\\\/grepton.hu\\\/wp-content\\\/uploads\\\/2025\\\/08\\\/WREN_stockphoto.jpg\",\"width\":3000,\"height\":2000},{\"@type\":\"BreadcrumbList\",\"@id\":\"https:\\\/\\\/grepton.hu\\\/en\\\/wren-climate-adaptation-monitoring-prediction-system-grepton\\\/#breadcrumb\",\"itemListElement\":[{\"@type\":\"ListItem\",\"position\":1,\"name\":\"Kezd\u0151lap\",\"item\":\"https:\\\/\\\/grepton.hu\\\/en\\\/\"},{\"@type\":\"ListItem\",\"position\":2,\"name\":\"WREN\"}]},{\"@type\":\"WebSite\",\"@id\":\"https:\\\/\\\/grepton.hu\\\/en\\\/#website\",\"url\":\"https:\\\/\\\/grepton.hu\\\/en\\\/\",\"name\":\"Grepton\",\"description\":\"A Grepton hivatalos honlapja\",\"publisher\":{\"@id\":\"https:\\\/\\\/grepton.hu\\\/en\\\/#organization\"},\"potentialAction\":[{\"@type\":\"SearchAction\",\"target\":{\"@type\":\"EntryPoint\",\"urlTemplate\":\"https:\\\/\\\/grepton.hu\\\/en\\\/?s={search_term_string}\"},\"query-input\":{\"@type\":\"PropertyValueSpecification\",\"valueRequired\":true,\"valueName\":\"search_term_string\"}}],\"inLanguage\":\"en-US\"},{\"@type\":\"Organization\",\"@id\":\"https:\\\/\\\/grepton.hu\\\/en\\\/#organization\",\"name\":\"Grepton Zrt.\",\"url\":\"https:\\\/\\\/grepton.hu\\\/en\\\/\",\"logo\":{\"@type\":\"ImageObject\",\"inLanguage\":\"en-US\",\"@id\":\"https:\\\/\\\/grepton.hu\\\/en\\\/#\\\/schema\\\/logo\\\/image\\\/\",\"url\":\"https:\\\/\\\/grepton.hu\\\/wp-content\\\/uploads\\\/2021\\\/09\\\/Grepton_logo.png\",\"contentUrl\":\"https:\\\/\\\/grepton.hu\\\/wp-content\\\/uploads\\\/2021\\\/09\\\/Grepton_logo.png\",\"width\":276,\"height\":62,\"caption\":\"Grepton Zrt.\"},\"image\":{\"@id\":\"https:\\\/\\\/grepton.hu\\\/en\\\/#\\\/schema\\\/logo\\\/image\\\/\"},\"sameAs\":[\"https:\\\/\\\/www.facebook.com\\\/greptonzrt\",\"https:\\\/\\\/www.linkedin.com\\\/company\\\/grepton\"]}]}<\/script>\n<!-- \/ Yoast SEO Premium plugin. -->","yoast_head_json":{"title":"WREN Project | Grepton Zrt.","description":"The WREN project, climate adaptation monitoring and prediction system supports water management with satellite drought monitoring and AI-based decision support.","robots":{"index":"index","follow":"follow","max-snippet":"max-snippet:-1","max-image-preview":"max-image-preview:large","max-video-preview":"max-video-preview:-1"},"canonical":"https:\/\/grepton.hu\/en\/wren-climate-adaptation-monitoring-prediction-system-grepton\/","og_locale":"en_US","og_type":"article","og_title":"WREN","og_description":"The WREN project, climate adaptation monitoring and prediction system supports water management with satellite drought monitoring and AI-based decision support.","og_url":"https:\/\/grepton.hu\/en\/wp-json\/wp\/v2\/pages\/24595","og_site_name":"Grepton","article_publisher":"https:\/\/www.facebook.com\/greptonzrt","article_modified_time":"2025-09-04T16:22:34+00:00","og_image":[{"width":3000,"height":2000,"url":"https:\/\/grepton.hu\/wp-content\/uploads\/2025\/08\/WREN_stockphoto.jpg","type":"image\/jpeg"}],"twitter_card":"summary_large_image","twitter_misc":{"Est. reading time":"3 minutes"},"schema":{"@context":"https:\/\/schema.org","@graph":[{"@type":"WebPage","@id":"https:\/\/grepton.hu\/en\/wren-climate-adaptation-monitoring-prediction-system-grepton\/","url":"https:\/\/grepton.hu\/en\/wren-climate-adaptation-monitoring-prediction-system-grepton\/","name":"WREN Project | Grepton Zrt.","isPartOf":{"@id":"https:\/\/grepton.hu\/en\/#website"},"primaryImageOfPage":{"@id":"https:\/\/grepton.hu\/en\/wren-climate-adaptation-monitoring-prediction-system-grepton\/#primaryimage"},"image":{"@id":"https:\/\/grepton.hu\/en\/wren-climate-adaptation-monitoring-prediction-system-grepton\/#primaryimage"},"thumbnailUrl":"https:\/\/grepton.hu\/wp-content\/uploads\/2025\/08\/WREN_stockphoto.jpg","datePublished":"2025-08-12T09:36:09+00:00","dateModified":"2025-09-04T16:22:34+00:00","description":"The WREN project, climate adaptation monitoring and prediction system supports water management with satellite drought monitoring and AI-based decision support.","breadcrumb":{"@id":"https:\/\/grepton.hu\/en\/wren-climate-adaptation-monitoring-prediction-system-grepton\/#breadcrumb"},"inLanguage":"en-US","potentialAction":[{"@type":"ReadAction","target":["https:\/\/grepton.hu\/en\/wren-climate-adaptation-monitoring-prediction-system-grepton\/"]}]},{"@type":"ImageObject","inLanguage":"en-US","@id":"https:\/\/grepton.hu\/en\/wren-climate-adaptation-monitoring-prediction-system-grepton\/#primaryimage","url":"https:\/\/grepton.hu\/wp-content\/uploads\/2025\/08\/WREN_stockphoto.jpg","contentUrl":"https:\/\/grepton.hu\/wp-content\/uploads\/2025\/08\/WREN_stockphoto.jpg","width":3000,"height":2000},{"@type":"BreadcrumbList","@id":"https:\/\/grepton.hu\/en\/wren-climate-adaptation-monitoring-prediction-system-grepton\/#breadcrumb","itemListElement":[{"@type":"ListItem","position":1,"name":"Kezd\u0151lap","item":"https:\/\/grepton.hu\/en\/"},{"@type":"ListItem","position":2,"name":"WREN"}]},{"@type":"WebSite","@id":"https:\/\/grepton.hu\/en\/#website","url":"https:\/\/grepton.hu\/en\/","name":"Grepton","description":"A Grepton hivatalos honlapja","publisher":{"@id":"https:\/\/grepton.hu\/en\/#organization"},"potentialAction":[{"@type":"SearchAction","target":{"@type":"EntryPoint","urlTemplate":"https:\/\/grepton.hu\/en\/?s={search_term_string}"},"query-input":{"@type":"PropertyValueSpecification","valueRequired":true,"valueName":"search_term_string"}}],"inLanguage":"en-US"},{"@type":"Organization","@id":"https:\/\/grepton.hu\/en\/#organization","name":"Grepton Zrt.","url":"https:\/\/grepton.hu\/en\/","logo":{"@type":"ImageObject","inLanguage":"en-US","@id":"https:\/\/grepton.hu\/en\/#\/schema\/logo\/image\/","url":"https:\/\/grepton.hu\/wp-content\/uploads\/2021\/09\/Grepton_logo.png","contentUrl":"https:\/\/grepton.hu\/wp-content\/uploads\/2021\/09\/Grepton_logo.png","width":276,"height":62,"caption":"Grepton Zrt."},"image":{"@id":"https:\/\/grepton.hu\/en\/#\/schema\/logo\/image\/"},"sameAs":["https:\/\/www.facebook.com\/greptonzrt","https:\/\/www.linkedin.com\/company\/grepton"]}]}},"_links":{"self":[{"href":"https:\/\/grepton.hu\/en\/wp-json\/wp\/v2\/pages\/24595","targetHints":{"allow":["GET"]}}],"collection":[{"href":"https:\/\/grepton.hu\/en\/wp-json\/wp\/v2\/pages"}],"about":[{"href":"https:\/\/grepton.hu\/en\/wp-json\/wp\/v2\/types\/page"}],"author":[{"embeddable":true,"href":"https:\/\/grepton.hu\/en\/wp-json\/wp\/v2\/users\/13"}],"replies":[{"embeddable":true,"href":"https:\/\/grepton.hu\/en\/wp-json\/wp\/v2\/comments?post=24595"}],"version-history":[{"count":5,"href":"https:\/\/grepton.hu\/en\/wp-json\/wp\/v2\/pages\/24595\/revisions"}],"predecessor-version":[{"id":25068,"href":"https:\/\/grepton.hu\/en\/wp-json\/wp\/v2\/pages\/24595\/revisions\/25068"}],"wp:featuredmedia":[{"embeddable":true,"href":"https:\/\/grepton.hu\/en\/wp-json\/wp\/v2\/media\/24510"}],"wp:attachment":[{"href":"https:\/\/grepton.hu\/en\/wp-json\/wp\/v2\/media?parent=24595"}],"curies":[{"name":"wp","href":"https:\/\/api.w.org\/{rel}","templated":true}]}}