{"id":22106,"date":"2025-05-25T18:04:01","date_gmt":"2025-05-25T16:04:01","guid":{"rendered":"https:\/\/grepton.hu\/vnt2020\/"},"modified":"2025-07-16T13:21:56","modified_gmt":"2025-07-16T11:21:56","slug":"vnt2020-1-competitiveness-enhancing-support-grepton","status":"publish","type":"page","link":"https:\/\/grepton.hu\/en\/vnt2020-1-competitiveness-enhancing-support-grepton\/","title":{"rendered":"VNT2020"},"content":{"rendered":"\t\t<div data-elementor-type=\"wp-page\" data-elementor-id=\"22106\" class=\"elementor elementor-22106 elementor-21775\" data-elementor-post-type=\"page\">\n\t\t\t\t<div class=\"elementor-element elementor-element-212bb46 e-flex e-con-boxed e-con e-parent\" data-id=\"212bb46\" data-element_type=\"container\" data-e-type=\"container\">\n\t\t\t\t\t<div class=\"e-con-inner\">\n\t\t<div class=\"elementor-element elementor-element-2d63168 e-con-full e-flex e-con e-child\" data-id=\"2d63168\" data-element_type=\"container\" data-e-type=\"container\">\n\t\t\t\t<div class=\"elementor-element elementor-element-75bb605 elementor-view-default elementor-widget elementor-widget-icon\" data-id=\"75bb605\" data-element_type=\"widget\" data-e-type=\"widget\" data-widget_type=\"icon.default\">\n\t\t\t\t<div class=\"elementor-widget-container\">\n\t\t\t\t\t\t\t<div class=\"elementor-icon-wrapper\">\n\t\t\t<a class=\"elementor-icon\" href=\"https:\/\/grepton.hu\/?page_id=21103\">\n\t\t\t<svg xmlns=\"http:\/\/www.w3.org\/2000\/svg\" width=\"17\" height=\"29\" viewBox=\"0 0 17 29\" fill=\"none\"><path d=\"M15.5 1L2 14.5L15.5 28\" stroke=\"white\" stroke-width=\"2\"><\/path><\/svg>\t\t\t<\/a>\n\t\t<\/div>\n\t\t\t\t\t\t<\/div>\n\t\t\t\t<\/div>\n\t\t\t\t<\/div>\n\t\t<div class=\"elementor-element elementor-element-fe98f7e e-con-full e-flex e-con e-child\" data-id=\"fe98f7e\" data-element_type=\"container\" data-e-type=\"container\">\n\t\t\t\t<div class=\"elementor-element elementor-element-cc55f2d elementor-widget-mobile__width-initial elementor-widget elementor-widget-heading\" data-id=\"cc55f2d\" data-element_type=\"widget\" data-e-type=\"widget\" data-widget_type=\"heading.default\">\n\t\t\t\t<div class=\"elementor-widget-container\">\n\t\t\t\t\t<span class=\"elementor-heading-title elementor-size-default\">RESEARCH DEVELOPMENT<\/span>\t\t\t\t<\/div>\n\t\t\t\t<\/div>\n\t\t\t\t<\/div>\n\t\t\t\t\t<\/div>\n\t\t\t\t<\/div>\n\t\t<div class=\"elementor-element elementor-element-e225527 e-flex e-con-boxed e-con e-parent\" data-id=\"e225527\" data-element_type=\"container\" data-e-type=\"container\" data-settings=\"{&quot;background_background&quot;:&quot;classic&quot;}\">\n\t\t\t\t\t<div class=\"e-con-inner\">\n\t\t\t\t<div class=\"elementor-element elementor-element-2deb854 elementor-absolute elementor-hidden-tablet elementor-hidden-mobile elementor-widget elementor-widget-image\" data-id=\"2deb854\" data-element_type=\"widget\" data-e-type=\"widget\" data-settings=\"{&quot;_position&quot;:&quot;absolute&quot;}\" data-widget_type=\"image.default\">\n\t\t\t\t<div class=\"elementor-widget-container\">\n\t\t\t\t\t\t\t\t\t\t\t\t\t\t\t<img fetchpriority=\"high\" decoding=\"async\" width=\"254\" height=\"668\" src=\"https:\/\/grepton.hu\/wp-content\/uploads\/2025\/05\/Subtract-3.png\" class=\"attachment-full size-full wp-image-21238\" alt=\"\" srcset=\"https:\/\/grepton.hu\/wp-content\/uploads\/2025\/05\/Subtract-3.png 254w, https:\/\/grepton.hu\/wp-content\/uploads\/2025\/05\/Subtract-3-114x300.png 114w\" sizes=\"(max-width: 254px) 100vw, 254px\" \/>\t\t\t\t\t\t\t\t\t\t\t\t\t\t\t<\/div>\n\t\t\t\t<\/div>\n\t\t<div class=\"elementor-element elementor-element-a4ca10b e-con-full e-flex e-con e-child\" data-id=\"a4ca10b\" data-element_type=\"container\" data-e-type=\"container\" data-settings=\"{&quot;background_background&quot;:&quot;classic&quot;}\">\n\t\t\t\t<div class=\"elementor-element elementor-element-a6b5b34 elementor-widget__width-initial elementor-widget-mobile__width-inherit elementor-widget elementor-widget-heading\" data-id=\"a6b5b34\" data-element_type=\"widget\" data-e-type=\"widget\" data-widget_type=\"heading.default\">\n\t\t\t\t<div class=\"elementor-widget-container\">\n\t\t\t\t\t<span class=\"elementor-heading-title elementor-size-default\">VNT2020-1 Competitiveness Enhancement Grant for the acquisition of a logistics system<\/span>\t\t\t\t<\/div>\n\t\t\t\t<\/div>\n\t\t\t\t<div class=\"elementor-element elementor-element-e23183a elementor-widget elementor-widget-text-editor\" data-id=\"e23183a\" data-element_type=\"widget\" data-e-type=\"widget\" data-widget_type=\"text-editor.default\">\n\t\t\t\t<div class=\"elementor-widget-container\">\n\t\t\t\t\t\t\t\t\t<p>Beneficiary name: Grepton Zrt.<br>Project title: VNT2020-1 Competitiveness-enhancing support for the acquisition of a logistics system<br>Place of implementation: 1087 Budapest, K\u00f6nyves K\u00e1lm\u00e1n krt. 48-52.<br>Rate of aid: 50%<br>Contracted amount of aid: HUF 94 750 000<br>Project planned completion date: 30.06.2021<br>Project ID: VNT2020-1-0363<br>Funding organisation. <\/p>\t\t\t\t\t\t\t\t<\/div>\n\t\t\t\t<\/div>\n\t\t\t\t<div class=\"elementor-element elementor-element-39c4806 elementor-widget__width-inherit elementor-widget elementor-widget-text-editor\" data-id=\"39c4806\" data-element_type=\"widget\" data-e-type=\"widget\" data-widget_type=\"text-editor.default\">\n\t\t\t\t<div class=\"elementor-widget-container\">\n\t\t\t\t\t\t\t\t\t<p>Support was granted to Grepton Zrt. &#8220;<br>The iRack 2.0 solution purchased within the framework of the VNT2020-1 tender will enable Grepton Zrt. to offer its target audience a competitive solution that increases the efficiency of logistics processes at a lower price than its international competitors. iRack 2.0 can provide real value to our customers in many areas of logistics. These include simplified unit of measure digitisation, increasing efficiency in the loading and picking process and optimising freight management costs.<br>This efficiency is achieved through a modern, all-in-one infrared scanning system, by exploiting the potential of RFID technology and by using iRack 2.0&#8217;s innovative software solutions. With infrared scanning and the associated measuring unit, the physical dimensions of the goods can be easily recorded and the units of goods can be easily created within the application. The dimensions and weight recorded in this way provide usefulness in the field of transport management, making it simpler and more cost-effective. In addition, the digital storage of the location of goods in the warehouse and the indoor localisation supported by RFID technology can increase the efficiency of the loading and picking processes.    <\/p>\t\t\t\t\t\t\t\t<\/div>\n\t\t\t\t<\/div>\n\t\t<div class=\"elementor-element elementor-element-09e7baa e-grid e-con-full e-con e-child\" data-id=\"09e7baa\" data-element_type=\"container\" data-e-type=\"container\">\n\t\t<div class=\"elementor-element elementor-element-46e5c99 e-con-full e-flex e-con e-child\" data-id=\"46e5c99\" data-element_type=\"container\" data-e-type=\"container\">\n\t\t\t\t<div class=\"elementor-element elementor-element-b32246e elementor-widget elementor-widget-image\" data-id=\"b32246e\" data-element_type=\"widget\" data-e-type=\"widget\" data-widget_type=\"image.default\">\n\t\t\t\t<div class=\"elementor-widget-container\">\n\t\t\t\t\t\t\t\t\t\t\t\t\t\t\t<img decoding=\"async\" width=\"135\" height=\"91\" data-src=\"https:\/\/grepton.hu\/wp-content\/uploads\/2025\/05\/image-125.svg\" class=\"attachment-full size-full wp-image-21221 lazyload\" alt=\"\" src=\"data:image\/svg+xml;base64,PHN2ZyB3aWR0aD0iMSIgaGVpZ2h0PSIxIiB4bWxucz0iaHR0cDovL3d3dy53My5vcmcvMjAwMC9zdmciPjwvc3ZnPg==\" style=\"--smush-placeholder-width: 135px; --smush-placeholder-aspect-ratio: 135\/91;\" \/>\t\t\t\t\t\t\t\t\t\t\t\t\t\t\t<\/div>\n\t\t\t\t<\/div>\n\t\t\t\t<\/div>\n\t\t\t\t<div class=\"elementor-element elementor-element-ea2c883 elementor-widget elementor-widget-image\" data-id=\"ea2c883\" data-element_type=\"widget\" data-e-type=\"widget\" data-widget_type=\"image.default\">\n\t\t\t\t<div class=\"elementor-widget-container\">\n\t\t\t\t\t\t\t\t\t\t\t\t\t\t\t<img decoding=\"async\" width=\"156\" height=\"87\" data-src=\"https:\/\/grepton.hu\/wp-content\/uploads\/2025\/05\/image-126.svg\" class=\"attachment-full size-full wp-image-21219 lazyload\" alt=\"\" src=\"data:image\/svg+xml;base64,PHN2ZyB3aWR0aD0iMSIgaGVpZ2h0PSIxIiB4bWxucz0iaHR0cDovL3d3dy53My5vcmcvMjAwMC9zdmciPjwvc3ZnPg==\" style=\"--smush-placeholder-width: 156px; --smush-placeholder-aspect-ratio: 156\/87;\" \/>\t\t\t\t\t\t\t\t\t\t\t\t\t\t\t<\/div>\n\t\t\t\t<\/div>\n\t\t\t\t<\/div>\n\t\t\t\t<\/div>\n\t\t\t\t\t<\/div>\n\t\t\t\t<\/div>\n\t\t\t\t<\/div>\n\t\t","protected":false},"excerpt":{"rendered":"<p>RESEARCH DEVELOPMENT VNT2020-1 Competitiveness Enhancement Grant for the acquisition of a logistics system Beneficiary name: Grepton Zrt.Project title: VNT2020-1 Competitiveness-enhancing support for the acquisition of a logistics systemPlace of implementation: 1087 Budapest, K\u00f6nyves K\u00e1lm\u00e1n krt. 48-52.Rate of aid: 50%Contracted amount of aid: HUF 94 750 000Project planned completion date: 30.06.2021Project ID: VNT2020-1-0363Funding organisation. Support was [&hellip;]<\/p>\n","protected":false},"author":13,"featured_media":21112,"parent":0,"menu_order":0,"comment_status":"closed","ping_status":"closed","template":"","meta":{"inline_featured_image":false,"footnotes":""},"class_list":["post-22106","page","type-page","status-publish","has-post-thumbnail","hentry"],"blocksy_meta":[],"yoast_head":"<!-- This site is optimized with the Yoast SEO Premium plugin v26.4 (Yoast SEO v27.2) - https:\/\/yoast.com\/product\/yoast-seo-premium-wordpress\/ -->\n<title>VNT2020-1 Competitiveness Enhancement Grant | Grepton Zrt.<\/title>\n<meta name=\"description\" content=\"Grepton Zrt. implemented the iRack 2.0 logistics system with the support of the VNT2020-1 grant. Find out more about the project!\" \/>\n<meta name=\"robots\" content=\"index, follow, max-snippet:-1, max-image-preview:large, max-video-preview:-1\" \/>\n<link rel=\"canonical\" href=\"https:\/\/grepton.hu\/en\/vnt2020-1-competitiveness-enhancing-support-grepton\/\" \/>\n<meta property=\"og:locale\" content=\"en_US\" \/>\n<meta property=\"og:type\" content=\"article\" \/>\n<meta property=\"og:title\" content=\"VNT2020\" \/>\n<meta property=\"og:description\" content=\"Grepton Zrt. implemented the iRack 2.0 logistics system with the support of the VNT2020-1 grant. Find out more about the project!\" \/>\n<meta property=\"og:url\" content=\"https:\/\/grepton.hu\/en\/wp-json\/wp\/v2\/pages\/22106\" \/>\n<meta property=\"og:site_name\" content=\"Grepton\" \/>\n<meta property=\"article:publisher\" content=\"https:\/\/www.facebook.com\/greptonzrt\" \/>\n<meta property=\"article:modified_time\" content=\"2025-07-16T11:21:56+00:00\" \/>\n<meta property=\"og:image\" content=\"https:\/\/grepton.hu\/wp-content\/uploads\/2025\/05\/research2-1.png\" \/>\n\t<meta property=\"og:image:width\" content=\"1140\" \/>\n\t<meta property=\"og:image:height\" content=\"505\" \/>\n\t<meta property=\"og:image:type\" content=\"image\/png\" \/>\n<meta name=\"twitter:card\" content=\"summary_large_image\" \/>\n<meta name=\"twitter:label1\" content=\"Est. reading time\" \/>\n\t<meta name=\"twitter:data1\" content=\"3 minutes\" \/>\n<script type=\"application\/ld+json\" class=\"yoast-schema-graph\">{\"@context\":\"https:\/\/schema.org\",\"@graph\":[{\"@type\":\"WebPage\",\"@id\":\"https:\/\/grepton.hu\/en\/vnt2020-1-competitiveness-enhancing-support-grepton\/\",\"url\":\"https:\/\/grepton.hu\/en\/vnt2020-1-competitiveness-enhancing-support-grepton\/\",\"name\":\"VNT2020-1 Competitiveness Enhancement Grant | Grepton Zrt.\",\"isPartOf\":{\"@id\":\"https:\/\/grepton.hu\/en\/#website\"},\"primaryImageOfPage\":{\"@id\":\"https:\/\/grepton.hu\/en\/vnt2020-1-competitiveness-enhancing-support-grepton\/#primaryimage\"},\"image\":{\"@id\":\"https:\/\/grepton.hu\/en\/vnt2020-1-competitiveness-enhancing-support-grepton\/#primaryimage\"},\"thumbnailUrl\":\"https:\/\/grepton.hu\/wp-content\/uploads\/2025\/05\/research2-1.png\",\"datePublished\":\"2025-05-25T16:04:01+00:00\",\"dateModified\":\"2025-07-16T11:21:56+00:00\",\"description\":\"Grepton Zrt. implemented the iRack 2.0 logistics system with the support of the VNT2020-1 grant. Find out more about the project!\",\"breadcrumb\":{\"@id\":\"https:\/\/grepton.hu\/en\/vnt2020-1-competitiveness-enhancing-support-grepton\/#breadcrumb\"},\"inLanguage\":\"en-US\",\"potentialAction\":[{\"@type\":\"ReadAction\",\"target\":[\"https:\/\/grepton.hu\/en\/vnt2020-1-competitiveness-enhancing-support-grepton\/\"]}]},{\"@type\":\"ImageObject\",\"inLanguage\":\"en-US\",\"@id\":\"https:\/\/grepton.hu\/en\/vnt2020-1-competitiveness-enhancing-support-grepton\/#primaryimage\",\"url\":\"https:\/\/grepton.hu\/wp-content\/uploads\/2025\/05\/research2-1.png\",\"contentUrl\":\"https:\/\/grepton.hu\/wp-content\/uploads\/2025\/05\/research2-1.png\",\"width\":1140,\"height\":505},{\"@type\":\"BreadcrumbList\",\"@id\":\"https:\/\/grepton.hu\/en\/vnt2020-1-competitiveness-enhancing-support-grepton\/#breadcrumb\",\"itemListElement\":[{\"@type\":\"ListItem\",\"position\":1,\"name\":\"Kezd\u0151lap\",\"item\":\"https:\/\/grepton.hu\/en\/\"},{\"@type\":\"ListItem\",\"position\":2,\"name\":\"VNT2020\"}]},{\"@type\":\"WebSite\",\"@id\":\"https:\/\/grepton.hu\/en\/#website\",\"url\":\"https:\/\/grepton.hu\/en\/\",\"name\":\"Grepton\",\"description\":\"A Grepton hivatalos honlapja\",\"publisher\":{\"@id\":\"https:\/\/grepton.hu\/en\/#organization\"},\"potentialAction\":[{\"@type\":\"SearchAction\",\"target\":{\"@type\":\"EntryPoint\",\"urlTemplate\":\"https:\/\/grepton.hu\/en\/?s={search_term_string}\"},\"query-input\":{\"@type\":\"PropertyValueSpecification\",\"valueRequired\":true,\"valueName\":\"search_term_string\"}}],\"inLanguage\":\"en-US\"},{\"@type\":\"Organization\",\"@id\":\"https:\/\/grepton.hu\/en\/#organization\",\"name\":\"Grepton Zrt.\",\"url\":\"https:\/\/grepton.hu\/en\/\",\"logo\":{\"@type\":\"ImageObject\",\"inLanguage\":\"en-US\",\"@id\":\"https:\/\/grepton.hu\/en\/#\/schema\/logo\/image\/\",\"url\":\"https:\/\/grepton.hu\/wp-content\/uploads\/2021\/09\/Grepton_logo.png\",\"contentUrl\":\"https:\/\/grepton.hu\/wp-content\/uploads\/2021\/09\/Grepton_logo.png\",\"width\":276,\"height\":62,\"caption\":\"Grepton Zrt.\"},\"image\":{\"@id\":\"https:\/\/grepton.hu\/en\/#\/schema\/logo\/image\/\"},\"sameAs\":[\"https:\/\/www.facebook.com\/greptonzrt\",\"https:\/\/www.linkedin.com\/company\/grepton\"]}]}<\/script>\n<!-- \/ Yoast SEO Premium plugin. -->","yoast_head_json":{"title":"VNT2020-1 Competitiveness Enhancement Grant | Grepton Zrt.","description":"Grepton Zrt. implemented the iRack 2.0 logistics system with the support of the VNT2020-1 grant. Find out more about the project!","robots":{"index":"index","follow":"follow","max-snippet":"max-snippet:-1","max-image-preview":"max-image-preview:large","max-video-preview":"max-video-preview:-1"},"canonical":"https:\/\/grepton.hu\/en\/vnt2020-1-competitiveness-enhancing-support-grepton\/","og_locale":"en_US","og_type":"article","og_title":"VNT2020","og_description":"Grepton Zrt. implemented the iRack 2.0 logistics system with the support of the VNT2020-1 grant. Find out more about the project!","og_url":"https:\/\/grepton.hu\/en\/wp-json\/wp\/v2\/pages\/22106","og_site_name":"Grepton","article_publisher":"https:\/\/www.facebook.com\/greptonzrt","article_modified_time":"2025-07-16T11:21:56+00:00","og_image":[{"width":1140,"height":505,"url":"https:\/\/grepton.hu\/wp-content\/uploads\/2025\/05\/research2-1.png","type":"image\/png"}],"twitter_card":"summary_large_image","twitter_misc":{"Est. reading time":"3 minutes"},"schema":{"@context":"https:\/\/schema.org","@graph":[{"@type":"WebPage","@id":"https:\/\/grepton.hu\/en\/vnt2020-1-competitiveness-enhancing-support-grepton\/","url":"https:\/\/grepton.hu\/en\/vnt2020-1-competitiveness-enhancing-support-grepton\/","name":"VNT2020-1 Competitiveness Enhancement Grant | Grepton Zrt.","isPartOf":{"@id":"https:\/\/grepton.hu\/en\/#website"},"primaryImageOfPage":{"@id":"https:\/\/grepton.hu\/en\/vnt2020-1-competitiveness-enhancing-support-grepton\/#primaryimage"},"image":{"@id":"https:\/\/grepton.hu\/en\/vnt2020-1-competitiveness-enhancing-support-grepton\/#primaryimage"},"thumbnailUrl":"https:\/\/grepton.hu\/wp-content\/uploads\/2025\/05\/research2-1.png","datePublished":"2025-05-25T16:04:01+00:00","dateModified":"2025-07-16T11:21:56+00:00","description":"Grepton Zrt. implemented the iRack 2.0 logistics system with the support of the VNT2020-1 grant. Find out more about the project!","breadcrumb":{"@id":"https:\/\/grepton.hu\/en\/vnt2020-1-competitiveness-enhancing-support-grepton\/#breadcrumb"},"inLanguage":"en-US","potentialAction":[{"@type":"ReadAction","target":["https:\/\/grepton.hu\/en\/vnt2020-1-competitiveness-enhancing-support-grepton\/"]}]},{"@type":"ImageObject","inLanguage":"en-US","@id":"https:\/\/grepton.hu\/en\/vnt2020-1-competitiveness-enhancing-support-grepton\/#primaryimage","url":"https:\/\/grepton.hu\/wp-content\/uploads\/2025\/05\/research2-1.png","contentUrl":"https:\/\/grepton.hu\/wp-content\/uploads\/2025\/05\/research2-1.png","width":1140,"height":505},{"@type":"BreadcrumbList","@id":"https:\/\/grepton.hu\/en\/vnt2020-1-competitiveness-enhancing-support-grepton\/#breadcrumb","itemListElement":[{"@type":"ListItem","position":1,"name":"Kezd\u0151lap","item":"https:\/\/grepton.hu\/en\/"},{"@type":"ListItem","position":2,"name":"VNT2020"}]},{"@type":"WebSite","@id":"https:\/\/grepton.hu\/en\/#website","url":"https:\/\/grepton.hu\/en\/","name":"Grepton","description":"A Grepton hivatalos honlapja","publisher":{"@id":"https:\/\/grepton.hu\/en\/#organization"},"potentialAction":[{"@type":"SearchAction","target":{"@type":"EntryPoint","urlTemplate":"https:\/\/grepton.hu\/en\/?s={search_term_string}"},"query-input":{"@type":"PropertyValueSpecification","valueRequired":true,"valueName":"search_term_string"}}],"inLanguage":"en-US"},{"@type":"Organization","@id":"https:\/\/grepton.hu\/en\/#organization","name":"Grepton Zrt.","url":"https:\/\/grepton.hu\/en\/","logo":{"@type":"ImageObject","inLanguage":"en-US","@id":"https:\/\/grepton.hu\/en\/#\/schema\/logo\/image\/","url":"https:\/\/grepton.hu\/wp-content\/uploads\/2021\/09\/Grepton_logo.png","contentUrl":"https:\/\/grepton.hu\/wp-content\/uploads\/2021\/09\/Grepton_logo.png","width":276,"height":62,"caption":"Grepton Zrt."},"image":{"@id":"https:\/\/grepton.hu\/en\/#\/schema\/logo\/image\/"},"sameAs":["https:\/\/www.facebook.com\/greptonzrt","https:\/\/www.linkedin.com\/company\/grepton"]}]}},"_links":{"self":[{"href":"https:\/\/grepton.hu\/en\/wp-json\/wp\/v2\/pages\/22106","targetHints":{"allow":["GET"]}}],"collection":[{"href":"https:\/\/grepton.hu\/en\/wp-json\/wp\/v2\/pages"}],"about":[{"href":"https:\/\/grepton.hu\/en\/wp-json\/wp\/v2\/types\/page"}],"author":[{"embeddable":true,"href":"https:\/\/grepton.hu\/en\/wp-json\/wp\/v2\/users\/13"}],"replies":[{"embeddable":true,"href":"https:\/\/grepton.hu\/en\/wp-json\/wp\/v2\/comments?post=22106"}],"version-history":[{"count":5,"href":"https:\/\/grepton.hu\/en\/wp-json\/wp\/v2\/pages\/22106\/revisions"}],"predecessor-version":[{"id":23332,"href":"https:\/\/grepton.hu\/en\/wp-json\/wp\/v2\/pages\/22106\/revisions\/23332"}],"wp:featuredmedia":[{"embeddable":true,"href":"https:\/\/grepton.hu\/en\/wp-json\/wp\/v2\/media\/21112"}],"wp:attachment":[{"href":"https:\/\/grepton.hu\/en\/wp-json\/wp\/v2\/media?parent=22106"}],"curies":[{"name":"wp","href":"https:\/\/api.w.org\/{rel}","templated":true}]}}