{"id":18456,"date":"2021-09-29T08:58:40","date_gmt":"2021-09-29T06:58:40","guid":{"rendered":"https:\/\/grepton.hu\/palyazatok\/irack-2-0\/"},"modified":"2025-05-23T10:54:46","modified_gmt":"2025-05-23T08:54:46","slug":"irack-2-0","status":"publish","type":"page","link":"https:\/\/grepton.hu\/en\/palyazatok\/irack-2-0\/","title":{"rendered":"IRACK 2.0"},"content":{"rendered":"\t\t<div data-elementor-type=\"wp-page\" data-elementor-id=\"18456\" class=\"elementor elementor-18456 elementor-4919\" data-elementor-post-type=\"page\">\n\t\t\t\t\t\t<section class=\"elementor-section elementor-top-section elementor-element elementor-element-cd90063 elementor-section-boxed elementor-section-height-default elementor-section-height-default\" data-id=\"cd90063\" data-element_type=\"section\" data-e-type=\"section\">\n\t\t\t\t\t\t<div class=\"elementor-container elementor-column-gap-default\">\n\t\t\t\t\t<div class=\"elementor-column elementor-col-100 elementor-top-column elementor-element elementor-element-6432287\" data-id=\"6432287\" data-element_type=\"column\" data-e-type=\"column\">\n\t\t\t<div class=\"elementor-widget-wrap elementor-element-populated\">\n\t\t\t\t\t\t<div class=\"elementor-element elementor-element-ad65ea7 elementor-widget elementor-widget-html\" data-id=\"ad65ea7\" data-element_type=\"widget\" data-e-type=\"widget\" data-widget_type=\"html.default\">\n\t\t\t\t<div class=\"elementor-widget-container\">\n\t\t\t\t\t<button class=\"arrow left\" onclick=\"window.location = '\/palyazatok#irack2'\">\n  <svg width=\"20px\" height=\"30px\" viewbox=\"0 0 50 80\" space=\"preserve\">\n    <polyline fill=\"none\" stroke=\"#000000\" stroke-width=\"1\" stroke-linecap=\"round\" stroke-linejoin=\"round\" points=\" 45.63,75.8 0.375,38.087 45.63,0.5075 \"\/>\n  <\/svg>  \n<\/button>\t\t\t\t<\/div>\n\t\t\t\t<\/div>\n\t\t\t\t<div class=\"elementor-element elementor-element-7e5951a elementor-widget elementor-widget-heading\" data-id=\"7e5951a\" data-element_type=\"widget\" data-e-type=\"widget\" data-widget_type=\"heading.default\">\n\t\t\t\t<div class=\"elementor-widget-container\">\n\t\t\t\t\t<h2 class=\"elementor-heading-title elementor-size-large\">IRACK 2.0<\/h2>\t\t\t\t<\/div>\n\t\t\t\t<\/div>\n\t\t\t\t<div class=\"elementor-element elementor-element-06c67e3 elementor-widget elementor-widget-text-editor\" data-id=\"06c67e3\" data-element_type=\"widget\" data-e-type=\"widget\" data-widget_type=\"text-editor.default\">\n\t\t\t\t<div class=\"elementor-widget-container\">\n\t\t\t\t\t\t\t\t\t<p><strong>Beneficiary<\/strong> <strong>name<\/strong>: Grepton Zrt.<\/p>\n<p><strong>Project<\/strong> <strong>title<\/strong>: VNT2020-1 Competitiveness Enhancement Grant for the acquisition of a logistics system<\/p>\n<p><strong>Place of<\/strong><strong>realization<\/strong>: 1087 Budapest, K\u00f6nyves K\u00e1lm\u00e1n krt. 48-52. <\/p>\n<p><strong>Rate of<\/strong><strong>aid<\/strong>: 50%<\/p>\n<p><strong>Amount of<\/strong> <strong>aid<\/strong> <strong>contracted<\/strong>: HUF 94 750 000<\/p>\n<p><strong>Project completion date:<\/strong> 30.06.2021<\/p>\n<p><strong>Project ID number:<\/strong> VNT2020-1-0363<\/p>\n<p><strong>Supporting organisation:<\/strong> Ministry of Foreign Affairs and Trade<\/p>\n<\/p>\n<p>Support was granted to Grepton Zrt. &#8220;VNT2020-1 Competitiveness Enhancement Grant for the acquisition of a logistics system&#8221;. <\/p>\n<p>With the iRack 2.0 solution purchased within the framework of the VNT2020-1 tender, Grepton Zrt. can offer its target audience a competitively priced solution that increases the efficiency of logistics processes at a lower price than international competitors. iRack 2.0 can provide real value to our customers in many areas of logistics. These include simplified unit of goods digitisation, increasing the efficiency of the loading and picking process and optimising freight management costs.<\/p>\n<p>This efficiency is achieved through a state-of-the-art, all-in-one infrared scanning system, the use of RFID technology and iRack 2.0 software with innovative solutions. With infrared scanning and the associated measuring unit, it is easy to record the physical dimensions of the goods and to create units of goods within the application. The dimensions and weight recorded in this way provide usefulness in the field of transport management, making it simpler and more cost-effective. In addition, the digital storage of the location of the goods in the warehouse and the indoor localisation supported by RFID technology allow for increased efficiency in the loading and picking processes.   <\/p>\n\t\t\t\t\t\t\t\t<\/div>\n\t\t\t\t<\/div>\n\t\t\t\t<section class=\"elementor-section elementor-inner-section elementor-element elementor-element-fbe1208 elementor-section-boxed elementor-section-height-default elementor-section-height-default\" data-id=\"fbe1208\" data-element_type=\"section\" data-e-type=\"section\">\n\t\t\t\t\t\t<div class=\"elementor-container elementor-column-gap-default\">\n\t\t\t\t\t<div class=\"elementor-column elementor-col-50 elementor-inner-column elementor-element elementor-element-21cb5e9\" data-id=\"21cb5e9\" data-element_type=\"column\" data-e-type=\"column\">\n\t\t\t<div class=\"elementor-widget-wrap elementor-element-populated\">\n\t\t\t\t\t\t<div class=\"elementor-element elementor-element-e16b267 elementor-widget elementor-widget-image\" data-id=\"e16b267\" data-element_type=\"widget\" data-e-type=\"widget\" data-widget_type=\"image.default\">\n\t\t\t\t<div class=\"elementor-widget-container\">\n\t\t\t\t\t\t\t\t\t\t\t\t\t\t\t<img decoding=\"async\" data-src=\"https:\/\/grepton.hu\/wp-content\/uploads\/elementor\/thumbs\/kulgazd_big-pqctkj8sxn2ftqi3czl03417v5ti7bzs99fwxv29kw.png\" title=\"k\u00fclgazd_big\" alt=\"k\u00fclgazd_big\" src=\"data:image\/svg+xml;base64,PHN2ZyB3aWR0aD0iMSIgaGVpZ2h0PSIxIiB4bWxucz0iaHR0cDovL3d3dy53My5vcmcvMjAwMC9zdmciPjwvc3ZnPg==\" class=\"lazyload\" style=\"--smush-placeholder-width: 285px; --smush-placeholder-aspect-ratio: 285\/212;\" \/>\t\t\t\t\t\t\t\t\t\t\t\t\t\t\t<\/div>\n\t\t\t\t<\/div>\n\t\t\t\t\t<\/div>\n\t\t<\/div>\n\t\t\t\t<div class=\"elementor-column elementor-col-50 elementor-inner-column elementor-element elementor-element-6331d74\" data-id=\"6331d74\" data-element_type=\"column\" data-e-type=\"column\">\n\t\t\t<div class=\"elementor-widget-wrap elementor-element-populated\">\n\t\t\t\t\t\t<div class=\"elementor-element elementor-element-2d3db15 elementor-widget elementor-widget-image\" data-id=\"2d3db15\" data-element_type=\"widget\" data-e-type=\"widget\" data-widget_type=\"image.default\">\n\t\t\t\t<div class=\"elementor-widget-container\">\n\t\t\t\t\t\t\t\t\t\t\t\t\t\t\t<img decoding=\"async\" data-src=\"https:\/\/grepton.hu\/wp-content\/uploads\/2021\/10\/hipa_logo_opt_color.svg\" title=\"hipa_logo_opt_color\" alt=\"hipa_logo_opt_color\" src=\"data:image\/svg+xml;base64,PHN2ZyB3aWR0aD0iMSIgaGVpZ2h0PSIxIiB4bWxucz0iaHR0cDovL3d3dy53My5vcmcvMjAwMC9zdmciPjwvc3ZnPg==\" class=\"lazyload\" \/>\t\t\t\t\t\t\t\t\t\t\t\t\t\t\t<\/div>\n\t\t\t\t<\/div>\n\t\t\t\t\t<\/div>\n\t\t<\/div>\n\t\t\t\t\t<\/div>\n\t\t<\/section>\n\t\t\t\t\t<\/div>\n\t\t<\/div>\n\t\t\t\t\t<\/div>\n\t\t<\/section>\n\t\t\t\t<\/div>\n\t\t","protected":false},"excerpt":{"rendered":"<p>IRACK 2.0 Beneficiary name: Grepton Zrt. Project title: VNT2020-1 Competitiveness Enhancement Grant for the acquisition of a logistics system Place ofrealization: 1087 Budapest, K\u00f6nyves K\u00e1lm\u00e1n krt. 48-52. Rate ofaid: 50% Amount of aid contracted: HUF 94 750 000 Project completion date: 30.06.2021 Project ID number: VNT2020-1-0363 Supporting organisation: Ministry of Foreign Affairs and Trade Support [&hellip;]<\/p>\n","protected":false},"author":5,"featured_media":0,"parent":16243,"menu_order":0,"comment_status":"closed","ping_status":"closed","template":"","meta":{"inline_featured_image":false,"footnotes":""},"class_list":["post-18456","page","type-page","status-publish","hentry"],"blocksy_meta":{"page_title_panel":"","has_hero_section":"disabled","e9948001381b841b10602f7c3b12c24f":"","hero_section":"type-1","hero_elements":[{"id":"custom_title","enabled":true,"heading_tag":"h1","title":"Home"},{"id":"custom_description","enabled":true,"description_visibility":{"desktop":true,"tablet":true,"mobile":false}},{"id":"custom_meta","enabled":false,"meta_elements":[{"id":"author","enabled":true,"label":"By","has_author_avatar":"yes","avatar_size":25},{"id":"post_date","enabled":true,"label":"On","date_format_source":"default","date_format":"M j, Y"},{"id":"updated_date","enabled":false,"label":"On","date_format_source":"default","date_format":"M j, Y"},{"id":"categories","enabled":false,"label":"In","style":"simple"},{"id":"comments","enabled":true}],"page_meta_elements":{"joined":true,"articles_count":true,"comments":true}},{"id":"breadcrumbs","enabled":false}],"d28fe1701a789187aa36d710ac586622":"","hero_alignment1":"CT_CSS_SKIP_RULE","hero_margin":40,"hero_alignment2":"center","hero_vertical_alignment":"center","54614121fa4aa1e3123bbc8204fb61c5":"","hero_structure":"narrow","7d9b60c9a322c444c78fd30a8eea415d":"","page_title_bg_type":"featured_image","custom_hero_background":{"attachment_id":null},"parallax":{"desktop":false,"tablet":false,"mobile":false},"8d6be84aae993de3cf21fa4c46c785ce":"","hero_height":"250px","pageTitleFont":{"family":"Default","variation":"Default","size":{"desktop":"32px","tablet":"30px","mobile":"25px"},"line-height":"CT_CSS_SKIP_RULE","letter-spacing":"CT_CSS_SKIP_RULE","text-transform":"CT_CSS_SKIP_RULE","text-decoration":"CT_CSS_SKIP_RULE"},"pageTitleFontColor":{"default":{"color":"CT_CSS_SKIP_RULEDEFAULT"}},"pageMetaFont":{"family":"Default","variation":"n6","size":"12px","line-height":"1.3","letter-spacing":"CT_CSS_SKIP_RULE","text-transform":"uppercase","text-decoration":"CT_CSS_SKIP_RULE"},"pageMetaFontColor":{"default":{"color":"CT_CSS_SKIP_RULEDEFAULT"},"hover":{"color":"CT_CSS_SKIP_RULEDEFAULT"}},"page_meta_button_type_font_colors":{"default":{"color":"CT_CSS_SKIP_RULEDEFAULT"},"hover":{"color":"CT_CSS_SKIP_RULEDEFAULT"}},"page_meta_button_type_background_colors":{"default":{"color":"CT_CSS_SKIP_RULEDEFAULT"},"hover":{"color":"CT_CSS_SKIP_RULEDEFAULT"}},"pageExcerptFont":{"family":"Default","variation":"Default","size":"CT_CSS_SKIP_RULE","line-height":"CT_CSS_SKIP_RULE","letter-spacing":"CT_CSS_SKIP_RULE","text-transform":"CT_CSS_SKIP_RULE","text-decoration":"CT_CSS_SKIP_RULE"},"pageExcerptColor":{"default":{"color":"CT_CSS_SKIP_RULEDEFAULT"}},"breadcrumbsFont":{"family":"Default","variation":"Default","size":"CT_CSS_SKIP_RULE","line-height":"CT_CSS_SKIP_RULE","letter-spacing":"CT_CSS_SKIP_RULE","text-transform":"CT_CSS_SKIP_RULE","text-decoration":"CT_CSS_SKIP_RULE"},"breadcrumbsFontColor":{"default":{"color":"CT_CSS_SKIP_RULEDEFAULT"},"initial":{"color":"CT_CSS_SKIP_RULEDEFAULT"},"hover":{"color":"CT_CSS_SKIP_RULEDEFAULT"}},"pageTitleOverlay":{"default":{"color":"CT_CSS_SKIP_RULE"}},"pageTitleBackground":{"background_type":"color","background_pattern":"type-1","background_image":{"attachment_id":null,"x":0,"y":0},"gradient":"linear-gradient(135deg,rgba(6,147,227,1) 0%,rgb(155,81,224) 100%)","background_repeat":"no-repeat","background_size":"auto","background_attachment":"scroll","patternColor":{"default":{"color":"#e5e7ea"}},"overlayColor":{"default":{"color":"CT_CSS_SKIP_RULE"}},"backgroundColor":{"default":{"color":"var(--theme-palette-color-6)"}}},"pageTitlePadding":{"top":"50px","bottom":"50px","left":"auto","right":"auto","linked":true},"c51c46ab2e80045152732f4379765e3e":"","page_structure_type":"default","ace3601bcbe66990a475465258142077":"","content_style_source":"inherit","content_style":"wide","vertical_spacing_source":"inherit","content_area_spacing":"both","background":{"background_type":"color","background_pattern":"type-1","background_image":{"attachment_id":null,"x":0,"y":0},"gradient":"linear-gradient(135deg,rgba(6,147,227,1) 0%,rgb(155,81,224) 100%)","background_repeat":"no-repeat","background_size":"auto","background_attachment":"scroll","patternColor":{"default":{"color":"#e5e7ea"}},"overlayColor":{"default":{"color":"CT_CSS_SKIP_RULE"}},"backgroundColor":{"default":{"color":"CT_CSS_SKIP_RULE"}}},"content_background":{"background_type":"color","background_pattern":"type-1","background_image":{"attachment_id":null,"x":0,"y":0},"gradient":"linear-gradient(135deg,rgba(6,147,227,1) 0%,rgb(155,81,224) 100%)","background_repeat":"no-repeat","background_size":"auto","background_attachment":"scroll","patternColor":{"default":{"color":"#e5e7ea"}},"overlayColor":{"default":{"color":"CT_CSS_SKIP_RULE"}},"backgroundColor":{"default":{"color":"var(--theme-palette-color-8)"}}},"content_boxed_shadow":{"inherit":false,"blur":18,"spread":-6,"v_offset":12,"h_offset":0,"inset":false,"enable":true,"color":{"color":"rgba(34, 56, 101, 0.04)"}},"boxed_content_spacing":{"desktop":{"top":"40px","bottom":"40px","left":"40px","right":"40px","linked":true},"tablet":{"top":"35px","bottom":"35px","left":"35px","right":"35px","linked":true},"mobile":{"top":"20px","bottom":"20px","left":"20px","right":"20px","linked":true}},"content_boxed_radius":{"top":"3px","bottom":"3px","left":"3px","right":"3px","linked":true},"28a2a9e04a33919f7b00d1c64ff189a0":"","disable_featured_image":"no","disable_header":"no","disable_footer":"no","styles_descriptor":{"styles":{"desktop":"","tablet":"","mobile":""},"google_fonts":[],"version":6}},"yoast_head":"<!-- This site is optimized with the Yoast SEO Premium plugin v26.4 (Yoast SEO v27.4) - https:\/\/yoast.com\/product\/yoast-seo-premium-wordpress\/ -->\n<title>IRACK 2.0 &#187; Grepton<\/title>\n<meta name=\"description\" content=\"Click on the link below to view the Grepton Group&#039;s successful application to develop iRack 2.0.\" \/>\n<meta name=\"robots\" content=\"index, follow, max-snippet:-1, max-image-preview:large, max-video-preview:-1\" \/>\n<link rel=\"canonical\" href=\"https:\/\/grepton.hu\/en\/palyazatok\/irack-2-0\/\" \/>\n<meta property=\"og:locale\" content=\"en_US\" \/>\n<meta property=\"og:type\" content=\"article\" \/>\n<meta property=\"og:title\" content=\"IRACK 2.0\" \/>\n<meta property=\"og:description\" content=\"Click on the link below to view the Grepton Group&#039;s successful application to develop iRack 2.0.\" \/>\n<meta property=\"og:url\" content=\"https:\/\/grepton.hu\/en\/wp-json\/wp\/v2\/pages\/18456\" \/>\n<meta property=\"og:site_name\" content=\"Grepton\" \/>\n<meta property=\"article:publisher\" content=\"https:\/\/www.facebook.com\/greptonzrt\" \/>\n<meta property=\"article:modified_time\" content=\"2025-05-23T08:54:46+00:00\" \/>\n<meta property=\"og:image\" content=\"https:\/\/grepton.hu\/wp-content\/uploads\/elementor\/thumbs\/kulgazd_big-pqctkj8sxn2ftqi3czl03417v5ti7bzs99fwxv29kw.png\" \/>\n<meta name=\"twitter:card\" content=\"summary_large_image\" \/>\n<meta name=\"twitter:label1\" content=\"Est. reading time\" \/>\n\t<meta name=\"twitter:data1\" content=\"2 minutes\" \/>\n<script type=\"application\/ld+json\" class=\"yoast-schema-graph\">{\"@context\":\"https:\\\/\\\/schema.org\",\"@graph\":[{\"@type\":\"WebPage\",\"@id\":\"https:\\\/\\\/grepton.hu\\\/en\\\/palyazatok\\\/irack-2-0\\\/\",\"url\":\"https:\\\/\\\/grepton.hu\\\/en\\\/palyazatok\\\/irack-2-0\\\/\",\"name\":\"IRACK 2.0 &#187; Grepton\",\"isPartOf\":{\"@id\":\"https:\\\/\\\/grepton.hu\\\/en\\\/#website\"},\"primaryImageOfPage\":{\"@id\":\"https:\\\/\\\/grepton.hu\\\/en\\\/palyazatok\\\/irack-2-0\\\/#primaryimage\"},\"image\":{\"@id\":\"https:\\\/\\\/grepton.hu\\\/en\\\/palyazatok\\\/irack-2-0\\\/#primaryimage\"},\"thumbnailUrl\":\"https:\\\/\\\/grepton.hu\\\/wp-content\\\/uploads\\\/elementor\\\/thumbs\\\/kulgazd_big-pqctkj8sxn2ftqi3czl03417v5ti7bzs99fwxv29kw.png\",\"datePublished\":\"2021-09-29T06:58:40+00:00\",\"dateModified\":\"2025-05-23T08:54:46+00:00\",\"description\":\"Click on the link below to view the Grepton Group's successful application to develop iRack 2.0.\",\"breadcrumb\":{\"@id\":\"https:\\\/\\\/grepton.hu\\\/en\\\/palyazatok\\\/irack-2-0\\\/#breadcrumb\"},\"inLanguage\":\"en-US\",\"potentialAction\":[{\"@type\":\"ReadAction\",\"target\":[\"https:\\\/\\\/grepton.hu\\\/en\\\/palyazatok\\\/irack-2-0\\\/\"]}]},{\"@type\":\"ImageObject\",\"inLanguage\":\"en-US\",\"@id\":\"https:\\\/\\\/grepton.hu\\\/en\\\/palyazatok\\\/irack-2-0\\\/#primaryimage\",\"url\":\"https:\\\/\\\/grepton.hu\\\/wp-content\\\/uploads\\\/elementor\\\/thumbs\\\/kulgazd_big-pqctkj8sxn2ftqi3czl03417v5ti7bzs99fwxv29kw.png\",\"contentUrl\":\"https:\\\/\\\/grepton.hu\\\/wp-content\\\/uploads\\\/elementor\\\/thumbs\\\/kulgazd_big-pqctkj8sxn2ftqi3czl03417v5ti7bzs99fwxv29kw.png\"},{\"@type\":\"BreadcrumbList\",\"@id\":\"https:\\\/\\\/grepton.hu\\\/en\\\/palyazatok\\\/irack-2-0\\\/#breadcrumb\",\"itemListElement\":[{\"@type\":\"ListItem\",\"position\":1,\"name\":\"Kezd\u0151lap\",\"item\":\"https:\\\/\\\/grepton.hu\\\/en\\\/\"},{\"@type\":\"ListItem\",\"position\":2,\"name\":\"Tenders\",\"item\":\"https:\\\/\\\/grepton.hu\\\/en\\\/palyazatok\\\/\"},{\"@type\":\"ListItem\",\"position\":3,\"name\":\"IRACK 2.0\"}]},{\"@type\":\"WebSite\",\"@id\":\"https:\\\/\\\/grepton.hu\\\/en\\\/#website\",\"url\":\"https:\\\/\\\/grepton.hu\\\/en\\\/\",\"name\":\"Grepton\",\"description\":\"A Grepton hivatalos honlapja\",\"publisher\":{\"@id\":\"https:\\\/\\\/grepton.hu\\\/en\\\/#organization\"},\"potentialAction\":[{\"@type\":\"SearchAction\",\"target\":{\"@type\":\"EntryPoint\",\"urlTemplate\":\"https:\\\/\\\/grepton.hu\\\/en\\\/?s={search_term_string}\"},\"query-input\":{\"@type\":\"PropertyValueSpecification\",\"valueRequired\":true,\"valueName\":\"search_term_string\"}}],\"inLanguage\":\"en-US\"},{\"@type\":\"Organization\",\"@id\":\"https:\\\/\\\/grepton.hu\\\/en\\\/#organization\",\"name\":\"Grepton Zrt.\",\"url\":\"https:\\\/\\\/grepton.hu\\\/en\\\/\",\"logo\":{\"@type\":\"ImageObject\",\"inLanguage\":\"en-US\",\"@id\":\"https:\\\/\\\/grepton.hu\\\/en\\\/#\\\/schema\\\/logo\\\/image\\\/\",\"url\":\"https:\\\/\\\/grepton.hu\\\/wp-content\\\/uploads\\\/2021\\\/09\\\/Grepton_logo.png\",\"contentUrl\":\"https:\\\/\\\/grepton.hu\\\/wp-content\\\/uploads\\\/2021\\\/09\\\/Grepton_logo.png\",\"width\":276,\"height\":62,\"caption\":\"Grepton Zrt.\"},\"image\":{\"@id\":\"https:\\\/\\\/grepton.hu\\\/en\\\/#\\\/schema\\\/logo\\\/image\\\/\"},\"sameAs\":[\"https:\\\/\\\/www.facebook.com\\\/greptonzrt\",\"https:\\\/\\\/www.linkedin.com\\\/company\\\/grepton\"]}]}<\/script>\n<!-- \/ Yoast SEO Premium plugin. -->","yoast_head_json":{"title":"IRACK 2.0 &#187; Grepton","description":"Click on the link below to view the Grepton Group's successful application to develop iRack 2.0.","robots":{"index":"index","follow":"follow","max-snippet":"max-snippet:-1","max-image-preview":"max-image-preview:large","max-video-preview":"max-video-preview:-1"},"canonical":"https:\/\/grepton.hu\/en\/palyazatok\/irack-2-0\/","og_locale":"en_US","og_type":"article","og_title":"IRACK 2.0","og_description":"Click on the link below to view the Grepton Group's successful application to develop iRack 2.0.","og_url":"https:\/\/grepton.hu\/en\/wp-json\/wp\/v2\/pages\/18456","og_site_name":"Grepton","article_publisher":"https:\/\/www.facebook.com\/greptonzrt","article_modified_time":"2025-05-23T08:54:46+00:00","og_image":[{"url":"https:\/\/grepton.hu\/wp-content\/uploads\/elementor\/thumbs\/kulgazd_big-pqctkj8sxn2ftqi3czl03417v5ti7bzs99fwxv29kw.png","type":"","width":"","height":""}],"twitter_card":"summary_large_image","twitter_misc":{"Est. reading time":"2 minutes"},"schema":{"@context":"https:\/\/schema.org","@graph":[{"@type":"WebPage","@id":"https:\/\/grepton.hu\/en\/palyazatok\/irack-2-0\/","url":"https:\/\/grepton.hu\/en\/palyazatok\/irack-2-0\/","name":"IRACK 2.0 &#187; Grepton","isPartOf":{"@id":"https:\/\/grepton.hu\/en\/#website"},"primaryImageOfPage":{"@id":"https:\/\/grepton.hu\/en\/palyazatok\/irack-2-0\/#primaryimage"},"image":{"@id":"https:\/\/grepton.hu\/en\/palyazatok\/irack-2-0\/#primaryimage"},"thumbnailUrl":"https:\/\/grepton.hu\/wp-content\/uploads\/elementor\/thumbs\/kulgazd_big-pqctkj8sxn2ftqi3czl03417v5ti7bzs99fwxv29kw.png","datePublished":"2021-09-29T06:58:40+00:00","dateModified":"2025-05-23T08:54:46+00:00","description":"Click on the link below to view the Grepton Group's successful application to develop iRack 2.0.","breadcrumb":{"@id":"https:\/\/grepton.hu\/en\/palyazatok\/irack-2-0\/#breadcrumb"},"inLanguage":"en-US","potentialAction":[{"@type":"ReadAction","target":["https:\/\/grepton.hu\/en\/palyazatok\/irack-2-0\/"]}]},{"@type":"ImageObject","inLanguage":"en-US","@id":"https:\/\/grepton.hu\/en\/palyazatok\/irack-2-0\/#primaryimage","url":"https:\/\/grepton.hu\/wp-content\/uploads\/elementor\/thumbs\/kulgazd_big-pqctkj8sxn2ftqi3czl03417v5ti7bzs99fwxv29kw.png","contentUrl":"https:\/\/grepton.hu\/wp-content\/uploads\/elementor\/thumbs\/kulgazd_big-pqctkj8sxn2ftqi3czl03417v5ti7bzs99fwxv29kw.png"},{"@type":"BreadcrumbList","@id":"https:\/\/grepton.hu\/en\/palyazatok\/irack-2-0\/#breadcrumb","itemListElement":[{"@type":"ListItem","position":1,"name":"Kezd\u0151lap","item":"https:\/\/grepton.hu\/en\/"},{"@type":"ListItem","position":2,"name":"Tenders","item":"https:\/\/grepton.hu\/en\/palyazatok\/"},{"@type":"ListItem","position":3,"name":"IRACK 2.0"}]},{"@type":"WebSite","@id":"https:\/\/grepton.hu\/en\/#website","url":"https:\/\/grepton.hu\/en\/","name":"Grepton","description":"A Grepton hivatalos honlapja","publisher":{"@id":"https:\/\/grepton.hu\/en\/#organization"},"potentialAction":[{"@type":"SearchAction","target":{"@type":"EntryPoint","urlTemplate":"https:\/\/grepton.hu\/en\/?s={search_term_string}"},"query-input":{"@type":"PropertyValueSpecification","valueRequired":true,"valueName":"search_term_string"}}],"inLanguage":"en-US"},{"@type":"Organization","@id":"https:\/\/grepton.hu\/en\/#organization","name":"Grepton Zrt.","url":"https:\/\/grepton.hu\/en\/","logo":{"@type":"ImageObject","inLanguage":"en-US","@id":"https:\/\/grepton.hu\/en\/#\/schema\/logo\/image\/","url":"https:\/\/grepton.hu\/wp-content\/uploads\/2021\/09\/Grepton_logo.png","contentUrl":"https:\/\/grepton.hu\/wp-content\/uploads\/2021\/09\/Grepton_logo.png","width":276,"height":62,"caption":"Grepton Zrt."},"image":{"@id":"https:\/\/grepton.hu\/en\/#\/schema\/logo\/image\/"},"sameAs":["https:\/\/www.facebook.com\/greptonzrt","https:\/\/www.linkedin.com\/company\/grepton"]}]}},"_links":{"self":[{"href":"https:\/\/grepton.hu\/en\/wp-json\/wp\/v2\/pages\/18456","targetHints":{"allow":["GET"]}}],"collection":[{"href":"https:\/\/grepton.hu\/en\/wp-json\/wp\/v2\/pages"}],"about":[{"href":"https:\/\/grepton.hu\/en\/wp-json\/wp\/v2\/types\/page"}],"author":[{"embeddable":true,"href":"https:\/\/grepton.hu\/en\/wp-json\/wp\/v2\/users\/5"}],"replies":[{"embeddable":true,"href":"https:\/\/grepton.hu\/en\/wp-json\/wp\/v2\/comments?post=18456"}],"version-history":[{"count":5,"href":"https:\/\/grepton.hu\/en\/wp-json\/wp\/v2\/pages\/18456\/revisions"}],"predecessor-version":[{"id":21707,"href":"https:\/\/grepton.hu\/en\/wp-json\/wp\/v2\/pages\/18456\/revisions\/21707"}],"up":[{"embeddable":true,"href":"https:\/\/grepton.hu\/en\/wp-json\/wp\/v2\/pages\/16243"}],"wp:attachment":[{"href":"https:\/\/grepton.hu\/en\/wp-json\/wp\/v2\/media?parent=18456"}],"curies":[{"name":"wp","href":"https:\/\/api.w.org\/{rel}","templated":true}]}}